{"id":955,"date":"2025-01-17T11:05:22","date_gmt":"2025-01-17T10:05:22","guid":{"rendered":"https:\/\/sauvonsbambi.poush-dev.be\/?post_type=product&#038;p=955"},"modified":"2025-02-12T14:56:38","modified_gmt":"2025-02-12T13:56:38","slug":"forderndes-mitglied","status":"publish","type":"product","link":"https:\/\/sauvonsbambi.be\/de_de\/produit\/membre-bienfaiteur\/","title":{"rendered":"J\u00e4hrliche Erneuerung f\u00f6rderndes Mitglied"},"content":{"rendered":"<p>Wenn Sie Mitglied unseres Vereins werden, tragen Sie zur Erhaltung der Wildtiere in Wallonien bei. Profitieren Sie von unseren Mitgliedsvorteilen!<\/p>\n<p><strong>J\u00e4hrliche Verg\u00fcnstigungen:<\/strong><\/p>\n<ul>\n<li><strong>En tant que membre bienfaiteur, vous soutenez notre d\u00e9marche et vous nous aidez \u00e0 am\u00e9liorer nos capacit\u00e9s d\u2019intervention<\/strong><\/li>\n<li><strong>Sie werden bevorzugt behandelt, um unsere Intervention vor den M\u00e4harbeiten in Ihrem Gebiet zu erhalten.<\/strong><\/li>\n<li><strong>Kostenloser Zugang zur Einf\u00fchrung in das Drohnenfliegen<\/strong><\/li>\n<li><strong>Kostenloser Zugang zu einer Entdeckungsreise \u00fcber die Biodiversit\u00e4t unserer Ebenen<\/strong><\/li>\n<li><strong>Zugang zum Jahresbericht und zu den von der asbl durchgef\u00fchrten Studien\u00a0<\/strong><\/li>\n<li><strong>J&rsquo;ajoute \u00e0 mon adh\u00e9sion un don de 30\u20ac<\/strong><\/li>\n<\/ul>","protected":false},"excerpt":{"rendered":"<p>En devenant membre de notre association, vous participez \u00e0 la conservation de la faune sauvage en Wallonie. Et b\u00e9n\u00e9ficiez de tous nos avantages membres! Avantages annuels: En tant que membre bienfaiteur, vous soutenez notre d\u00e9marche et vous nous aidez \u00e0 am\u00e9liorer nos capacit\u00e9s d\u2019intervention Vous serez prioritaire pour obtenir notre intervention avant les op\u00e9rations de [&hellip;]<\/p>\n","protected":false},"featured_media":956,"template":"","meta":{"_et_pb_use_builder":"","_et_pb_old_content":"","_et_gb_content_width":"","inline_featured_image":false},"product_brand":[],"product_cat":[25],"product_tag":[],"class_list":{"0":"post-955","1":"product","2":"type-product","3":"status-publish","4":"has-post-thumbnail","6":"product_cat-cotisation","8":"first","9":"instock","10":"virtual","11":"sold-individually","12":"purchasable","13":"product-type-subscription"},"yoast_head":"<!-- This site is optimized with the Yoast SEO plugin v27.5 - https:\/\/yoast.com\/product\/yoast-seo-wordpress\/ -->\n<title>Renouv\u00e8lement annuel membre bienfaiteur | Sauvons Bambi<\/title>\n<meta name=\"robots\" content=\"index, follow, max-snippet:-1, max-image-preview:large, max-video-preview:-1\" \/>\n<link rel=\"canonical\" href=\"https:\/\/sauvonsbambi.be\/de_de\/produkt\/forderndes-mitglied\/\" \/>\n<meta property=\"og:locale\" content=\"de_DE\" \/>\n<meta property=\"og:type\" content=\"article\" \/>\n<meta property=\"og:title\" content=\"Renouv\u00e8lement annuel membre bienfaiteur | Sauvons Bambi\" \/>\n<meta property=\"og:description\" content=\"En devenant membre de notre association, vous participez \u00e0 la conservation de la faune sauvage en Wallonie. Et b\u00e9n\u00e9ficiez de tous nos avantages membres! Avantages annuels: En tant que membre bienfaiteur, vous soutenez notre d\u00e9marche et vous nous aidez \u00e0 am\u00e9liorer nos capacit\u00e9s d\u2019intervention Vous serez prioritaire pour obtenir notre intervention avant les op\u00e9rations de [&hellip;]\" \/>\n<meta property=\"og:url\" content=\"https:\/\/sauvonsbambi.be\/de_de\/produkt\/forderndes-mitglied\/\" \/>\n<meta property=\"og:site_name\" content=\"Sauvons Bambi\" \/>\n<meta property=\"article:modified_time\" content=\"2025-02-12T13:56:38+00:00\" \/>\n<meta property=\"og:image\" content=\"https:\/\/sauvonsbambi.be\/wp-content\/uploads\/2025\/01\/Membre-Bienfaiteur.jpg\" \/>\n\t<meta property=\"og:image:width\" content=\"1301\" \/>\n\t<meta property=\"og:image:height\" content=\"860\" \/>\n\t<meta property=\"og:image:type\" content=\"image\/jpeg\" \/>\n<meta name=\"twitter:card\" content=\"summary_large_image\" \/>\n<meta name=\"twitter:label1\" content=\"Gesch\u00e4tzte Lesezeit\" \/>\n\t<meta name=\"twitter:data1\" content=\"1\u00a0Minute\" \/>\n<script type=\"application\/ld+json\" class=\"yoast-schema-graph\">{\"@context\":\"https:\\\/\\\/schema.org\",\"@graph\":[{\"@type\":\"WebPage\",\"@id\":\"https:\\\/\\\/sauvonsbambi.be\\\/produit\\\/membre-bienfaiteur\\\/\",\"url\":\"https:\\\/\\\/sauvonsbambi.be\\\/produit\\\/membre-bienfaiteur\\\/\",\"name\":\"Renouv\u00e8lement annuel membre bienfaiteur | Sauvons Bambi\",\"isPartOf\":{\"@id\":\"https:\\\/\\\/sauvonsbambi.be\\\/#website\"},\"primaryImageOfPage\":{\"@id\":\"https:\\\/\\\/sauvonsbambi.be\\\/produit\\\/membre-bienfaiteur\\\/#primaryimage\"},\"image\":{\"@id\":\"https:\\\/\\\/sauvonsbambi.be\\\/produit\\\/membre-bienfaiteur\\\/#primaryimage\"},\"thumbnailUrl\":\"https:\\\/\\\/sauvonsbambi.be\\\/wp-content\\\/uploads\\\/2025\\\/01\\\/Membre-Bienfaiteur.jpg\",\"datePublished\":\"2025-01-17T10:05:22+00:00\",\"dateModified\":\"2025-02-12T13:56:38+00:00\",\"breadcrumb\":{\"@id\":\"https:\\\/\\\/sauvonsbambi.be\\\/produit\\\/membre-bienfaiteur\\\/#breadcrumb\"},\"inLanguage\":\"de\",\"potentialAction\":[{\"@type\":\"ReadAction\",\"target\":[\"https:\\\/\\\/sauvonsbambi.be\\\/produit\\\/membre-bienfaiteur\\\/\"]}]},{\"@type\":\"ImageObject\",\"inLanguage\":\"de\",\"@id\":\"https:\\\/\\\/sauvonsbambi.be\\\/produit\\\/membre-bienfaiteur\\\/#primaryimage\",\"url\":\"https:\\\/\\\/sauvonsbambi.be\\\/wp-content\\\/uploads\\\/2025\\\/01\\\/Membre-Bienfaiteur.jpg\",\"contentUrl\":\"https:\\\/\\\/sauvonsbambi.be\\\/wp-content\\\/uploads\\\/2025\\\/01\\\/Membre-Bienfaiteur.jpg\",\"width\":1301,\"height\":860},{\"@type\":\"BreadcrumbList\",\"@id\":\"https:\\\/\\\/sauvonsbambi.be\\\/produit\\\/membre-bienfaiteur\\\/#breadcrumb\",\"itemListElement\":[{\"@type\":\"ListItem\",\"position\":1,\"name\":\"Accueil\",\"item\":\"https:\\\/\\\/sauvonsbambi.be\\\/\"},{\"@type\":\"ListItem\",\"position\":2,\"name\":\"Boutique\",\"item\":\"https:\\\/\\\/sauvonsbambi.be\\\/boutique\\\/\"},{\"@type\":\"ListItem\",\"position\":3,\"name\":\"Renouv\u00e8lement annuel membre bienfaiteur\"}]},{\"@type\":\"WebSite\",\"@id\":\"https:\\\/\\\/sauvonsbambi.be\\\/#website\",\"url\":\"https:\\\/\\\/sauvonsbambi.be\\\/\",\"name\":\"Sauvons Bambi\",\"description\":\"\",\"potentialAction\":[{\"@type\":\"SearchAction\",\"target\":{\"@type\":\"EntryPoint\",\"urlTemplate\":\"https:\\\/\\\/sauvonsbambi.be\\\/?s={search_term_string}\"},\"query-input\":{\"@type\":\"PropertyValueSpecification\",\"valueRequired\":true,\"valueName\":\"search_term_string\"}}],\"inLanguage\":\"de\"}]}<\/script>\n<!-- \/ Yoast SEO plugin. -->","yoast_head_json":{"title":"Renouv\u00e8lement annuel membre bienfaiteur | Sauvons Bambi","robots":{"index":"index","follow":"follow","max-snippet":"max-snippet:-1","max-image-preview":"max-image-preview:large","max-video-preview":"max-video-preview:-1"},"canonical":"https:\/\/sauvonsbambi.be\/de_de\/produkt\/forderndes-mitglied\/","og_locale":"de_DE","og_type":"article","og_title":"Renouv\u00e8lement annuel membre bienfaiteur | Sauvons Bambi","og_description":"En devenant membre de notre association, vous participez \u00e0 la conservation de la faune sauvage en Wallonie. Et b\u00e9n\u00e9ficiez de tous nos avantages membres! Avantages annuels: En tant que membre bienfaiteur, vous soutenez notre d\u00e9marche et vous nous aidez \u00e0 am\u00e9liorer nos capacit\u00e9s d\u2019intervention Vous serez prioritaire pour obtenir notre intervention avant les op\u00e9rations de [&hellip;]","og_url":"https:\/\/sauvonsbambi.be\/de_de\/produkt\/forderndes-mitglied\/","og_site_name":"Sauvons Bambi","article_modified_time":"2025-02-12T13:56:38+00:00","og_image":[{"width":1301,"height":860,"url":"https:\/\/sauvonsbambi.be\/wp-content\/uploads\/2025\/01\/Membre-Bienfaiteur.jpg","type":"image\/jpeg"}],"twitter_card":"summary_large_image","twitter_misc":{"Gesch\u00e4tzte Lesezeit":"1\u00a0Minute"},"schema":{"@context":"https:\/\/schema.org","@graph":[{"@type":"WebPage","@id":"https:\/\/sauvonsbambi.be\/produit\/membre-bienfaiteur\/","url":"https:\/\/sauvonsbambi.be\/produit\/membre-bienfaiteur\/","name":"Renouv\u00e8lement annuel membre bienfaiteur | Sauvons Bambi","isPartOf":{"@id":"https:\/\/sauvonsbambi.be\/#website"},"primaryImageOfPage":{"@id":"https:\/\/sauvonsbambi.be\/produit\/membre-bienfaiteur\/#primaryimage"},"image":{"@id":"https:\/\/sauvonsbambi.be\/produit\/membre-bienfaiteur\/#primaryimage"},"thumbnailUrl":"https:\/\/sauvonsbambi.be\/wp-content\/uploads\/2025\/01\/Membre-Bienfaiteur.jpg","datePublished":"2025-01-17T10:05:22+00:00","dateModified":"2025-02-12T13:56:38+00:00","breadcrumb":{"@id":"https:\/\/sauvonsbambi.be\/produit\/membre-bienfaiteur\/#breadcrumb"},"inLanguage":"de","potentialAction":[{"@type":"ReadAction","target":["https:\/\/sauvonsbambi.be\/produit\/membre-bienfaiteur\/"]}]},{"@type":"ImageObject","inLanguage":"de","@id":"https:\/\/sauvonsbambi.be\/produit\/membre-bienfaiteur\/#primaryimage","url":"https:\/\/sauvonsbambi.be\/wp-content\/uploads\/2025\/01\/Membre-Bienfaiteur.jpg","contentUrl":"https:\/\/sauvonsbambi.be\/wp-content\/uploads\/2025\/01\/Membre-Bienfaiteur.jpg","width":1301,"height":860},{"@type":"BreadcrumbList","@id":"https:\/\/sauvonsbambi.be\/produit\/membre-bienfaiteur\/#breadcrumb","itemListElement":[{"@type":"ListItem","position":1,"name":"Accueil","item":"https:\/\/sauvonsbambi.be\/"},{"@type":"ListItem","position":2,"name":"Boutique","item":"https:\/\/sauvonsbambi.be\/boutique\/"},{"@type":"ListItem","position":3,"name":"Renouv\u00e8lement annuel membre bienfaiteur"}]},{"@type":"WebSite","@id":"https:\/\/sauvonsbambi.be\/#website","url":"https:\/\/sauvonsbambi.be\/","name":"Rettet Bambi","description":"","potentialAction":[{"@type":"SearchAction","target":{"@type":"EntryPoint","urlTemplate":"https:\/\/sauvonsbambi.be\/?s={search_term_string}"},"query-input":{"@type":"PropertyValueSpecification","valueRequired":true,"valueName":"search_term_string"}}],"inLanguage":"de"}]}},"_links":{"self":[{"href":"https:\/\/sauvonsbambi.be\/de_de\/wp-json\/wp\/v2\/product\/955","targetHints":{"allow":["GET"]}}],"collection":[{"href":"https:\/\/sauvonsbambi.be\/de_de\/wp-json\/wp\/v2\/product"}],"about":[{"href":"https:\/\/sauvonsbambi.be\/de_de\/wp-json\/wp\/v2\/types\/product"}],"wp:featuredmedia":[{"embeddable":true,"href":"https:\/\/sauvonsbambi.be\/de_de\/wp-json\/wp\/v2\/media\/956"}],"wp:attachment":[{"href":"https:\/\/sauvonsbambi.be\/de_de\/wp-json\/wp\/v2\/media?parent=955"}],"wp:term":[{"taxonomy":"product_brand","embeddable":true,"href":"https:\/\/sauvonsbambi.be\/de_de\/wp-json\/wp\/v2\/product_brand?post=955"},{"taxonomy":"product_cat","embeddable":true,"href":"https:\/\/sauvonsbambi.be\/de_de\/wp-json\/wp\/v2\/product_cat?post=955"},{"taxonomy":"product_tag","embeddable":true,"href":"https:\/\/sauvonsbambi.be\/de_de\/wp-json\/wp\/v2\/product_tag?post=955"}],"curies":[{"name":"wp","href":"https:\/\/api.w.org\/{rel}","templated":true}]}}