{"id":1665,"date":"2025-02-12T16:29:03","date_gmt":"2025-02-12T15:29:03","guid":{"rendered":"https:\/\/sauvonsbambi.poush-dev.be\/?page_id=1665"},"modified":"2025-02-12T16:33:35","modified_gmt":"2025-02-12T15:33:35","slug":"volunteer-confirmation","status":"publish","type":"page","link":"https:\/\/sauvonsbambi.be\/en\/confirmation-benevole\/","title":{"rendered":"Volunteer Confirmation"},"content":{"rendered":"<p>[et_pb_section fb_built=\u00a0\u00bb1&Prime; admin_label=\u00a0\u00bbsection\u00a0\u00bb _builder_version=\u00a0\u00bb4.16&Prime; custom_padding=\u00a0\u00bb90px||90px||true|\u00a0\u00bb global_colors_info=\u00a0\u00bb{}\u00a0\u00bb theme_builder_area=\u00a0\u00bbpost_content\u00a0\u00bb][et_pb_row admin_label=\u00a0\u00bbrow\u00a0\u00bb _builder_version=\u00a0\u00bb4.16&Prime; background_size=\u00a0\u00bbinitial\u00a0\u00bb background_position=\u00a0\u00bbtop_left\u00a0\u00bb background_repeat=\u00a0\u00bbrepeat\u00a0\u00bb global_colors_info=\u00a0\u00bb{}\u00a0\u00bb theme_builder_area=\u00a0\u00bbpost_content\u00a0\u00bb][et_pb_column type=\u00a0\u00bb4_4&Prime; _builder_version=\u00a0\u00bb4.16&Prime; custom_padding=\u00a0\u00bb|||\u00a0\u00bb global_colors_info=\u00a0\u00bb{}\u00a0\u00bb custom_padding__hover=\u00a0\u00bb|||\u00a0\u00bb theme_builder_area=\u00a0\u00bbpost_content\u00a0\u00bb][et_pb_text admin_label=\u00a0\u00bbText\u00a0\u00bb _builder_version=\u00a0\u00bb4.19.4&Prime; background_size=\u00a0\u00bbinitial\u00a0\u00bb background_position=\u00a0\u00bbtop_left\u00a0\u00bb background_repeat=\u00a0\u00bbrepeat\u00a0\u00bb custom_margin=\u00a0\u00bb||68px|||\u00a0\u00bb global_colors_info=\u00a0\u00bb{}\u00a0\u00bb theme_builder_area=\u00a0\u00bbpost_content\u00a0\u00bb]<\/p>\n<h1 style=\"text-align: center;\">Merci pour votre demande !<\/h1>\n<p style=\"text-align: center;\">Elle a \u00e9t\u00e9 envoy\u00e9e avec succ\u00e8s. Nous la traitons et revenons vers vous dans les plus brefs d\u00e9lais.<\/p>\n<p>[\/et_pb_text][et_pb_button button_url=\u00a0\u00bb@ET-DC@eyJkeW5hbWljIjp0cnVlLCJjb250ZW50IjoiaG9tZV91cmwiLCJzZXR0aW5ncyI6e319@\u00a0\u00bb button_text=\u00a0\u00bbRetour \u00e0 l&rsquo;accueil\u00a0\u00bb button_alignment=\u00a0\u00bbcenter\u00a0\u00bb _builder_version=\u00a0\u00bb4.19.4&Prime; _dynamic_attributes=\u00a0\u00bbbutton_text,button_url\u00a0\u00bb _module_preset=\u00a0\u00bb_initial\u00a0\u00bb global_colors_info=\u00a0\u00bb{}\u00a0\u00bb theme_builder_area=\u00a0\u00bbpost_content\u00a0\u00bb][\/et_pb_button][\/et_pb_column][\/et_pb_row][\/et_pb_section]<\/p>\n","protected":false},"excerpt":{"rendered":"<p>Merci pour votre demande ! Elle a \u00e9t\u00e9 envoy\u00e9e avec succ\u00e8s. Nous la traitons et revenons vers vous dans les plus brefs d\u00e9lais.<\/p>","protected":false},"author":3,"featured_media":0,"parent":0,"menu_order":1000,"comment_status":"closed","ping_status":"closed","template":"","meta":{"_et_pb_use_builder":"on","_et_pb_old_content":"","_et_gb_content_width":"","inline_featured_image":false,"footnotes":""},"class_list":["post-1665","page","type-page","status-publish","hentry"],"yoast_head":"<!-- This site is optimized with the Yoast SEO plugin v27.3 - https:\/\/yoast.com\/product\/yoast-seo-wordpress\/ -->\n<title>Confirmation B\u00e9n\u00e9vole | Sauvons Bambi<\/title>\n<meta name=\"robots\" content=\"index, follow, max-snippet:-1, max-image-preview:large, max-video-preview:-1\" \/>\n<link rel=\"canonical\" href=\"https:\/\/sauvonsbambi.be\/en\/volunteer-confirmation\/\" \/>\n<meta property=\"og:locale\" content=\"en_GB\" \/>\n<meta property=\"og:type\" content=\"article\" \/>\n<meta property=\"og:title\" content=\"Confirmation B\u00e9n\u00e9vole | Sauvons Bambi\" \/>\n<meta property=\"og:description\" content=\"Merci pour votre demande ! Elle a \u00e9t\u00e9 envoy\u00e9e avec succ\u00e8s. Nous la traitons et revenons vers vous dans les plus brefs d\u00e9lais.\" \/>\n<meta property=\"og:url\" content=\"https:\/\/sauvonsbambi.be\/en\/volunteer-confirmation\/\" \/>\n<meta property=\"og:site_name\" content=\"Sauvons Bambi\" \/>\n<meta property=\"article:modified_time\" content=\"2025-02-12T15:33:35+00:00\" \/>\n<meta name=\"twitter:card\" content=\"summary_large_image\" \/>\n<script type=\"application\/ld+json\" class=\"yoast-schema-graph\">{\"@context\":\"https:\\\/\\\/schema.org\",\"@graph\":[{\"@type\":\"WebPage\",\"@id\":\"https:\\\/\\\/sauvonsbambi.be\\\/confirmation-benevole\\\/\",\"url\":\"https:\\\/\\\/sauvonsbambi.be\\\/confirmation-benevole\\\/\",\"name\":\"Confirmation B\u00e9n\u00e9vole | Sauvons Bambi\",\"isPartOf\":{\"@id\":\"https:\\\/\\\/sauvonsbambi.be\\\/#website\"},\"datePublished\":\"2025-02-12T15:29:03+00:00\",\"dateModified\":\"2025-02-12T15:33:35+00:00\",\"breadcrumb\":{\"@id\":\"https:\\\/\\\/sauvonsbambi.be\\\/confirmation-benevole\\\/#breadcrumb\"},\"inLanguage\":\"en-GB\",\"potentialAction\":[{\"@type\":\"ReadAction\",\"target\":[\"https:\\\/\\\/sauvonsbambi.be\\\/confirmation-benevole\\\/\"]}]},{\"@type\":\"BreadcrumbList\",\"@id\":\"https:\\\/\\\/sauvonsbambi.be\\\/confirmation-benevole\\\/#breadcrumb\",\"itemListElement\":[{\"@type\":\"ListItem\",\"position\":1,\"name\":\"Accueil\",\"item\":\"https:\\\/\\\/sauvonsbambi.be\\\/\"},{\"@type\":\"ListItem\",\"position\":2,\"name\":\"Confirmation B\u00e9n\u00e9vole\"}]},{\"@type\":\"WebSite\",\"@id\":\"https:\\\/\\\/sauvonsbambi.be\\\/#website\",\"url\":\"https:\\\/\\\/sauvonsbambi.be\\\/\",\"name\":\"Sauvons Bambi\",\"description\":\"\",\"potentialAction\":[{\"@type\":\"SearchAction\",\"target\":{\"@type\":\"EntryPoint\",\"urlTemplate\":\"https:\\\/\\\/sauvonsbambi.be\\\/?s={search_term_string}\"},\"query-input\":{\"@type\":\"PropertyValueSpecification\",\"valueRequired\":true,\"valueName\":\"search_term_string\"}}],\"inLanguage\":\"en-GB\"}]}<\/script>\n<!-- \/ Yoast SEO plugin. -->","yoast_head_json":{"title":"Volunteer Confirmation | Save Bambi","robots":{"index":"index","follow":"follow","max-snippet":"max-snippet:-1","max-image-preview":"max-image-preview:large","max-video-preview":"max-video-preview:-1"},"canonical":"https:\/\/sauvonsbambi.be\/en\/volunteer-confirmation\/","og_locale":"en_GB","og_type":"article","og_title":"Confirmation B\u00e9n\u00e9vole | Sauvons Bambi","og_description":"Merci pour votre demande ! Elle a \u00e9t\u00e9 envoy\u00e9e avec succ\u00e8s. Nous la traitons et revenons vers vous dans les plus brefs d\u00e9lais.","og_url":"https:\/\/sauvonsbambi.be\/en\/volunteer-confirmation\/","og_site_name":"Sauvons Bambi","article_modified_time":"2025-02-12T15:33:35+00:00","twitter_card":"summary_large_image","schema":{"@context":"https:\/\/schema.org","@graph":[{"@type":"WebPage","@id":"https:\/\/sauvonsbambi.be\/confirmation-benevole\/","url":"https:\/\/sauvonsbambi.be\/confirmation-benevole\/","name":"Volunteer Confirmation | Save Bambi","isPartOf":{"@id":"https:\/\/sauvonsbambi.be\/#website"},"datePublished":"2025-02-12T15:29:03+00:00","dateModified":"2025-02-12T15:33:35+00:00","breadcrumb":{"@id":"https:\/\/sauvonsbambi.be\/confirmation-benevole\/#breadcrumb"},"inLanguage":"en-GB","potentialAction":[{"@type":"ReadAction","target":["https:\/\/sauvonsbambi.be\/confirmation-benevole\/"]}]},{"@type":"BreadcrumbList","@id":"https:\/\/sauvonsbambi.be\/confirmation-benevole\/#breadcrumb","itemListElement":[{"@type":"ListItem","position":1,"name":"Accueil","item":"https:\/\/sauvonsbambi.be\/"},{"@type":"ListItem","position":2,"name":"Confirmation B\u00e9n\u00e9vole"}]},{"@type":"WebSite","@id":"https:\/\/sauvonsbambi.be\/#website","url":"https:\/\/sauvonsbambi.be\/","name":"Save Bambi","description":"","potentialAction":[{"@type":"SearchAction","target":{"@type":"EntryPoint","urlTemplate":"https:\/\/sauvonsbambi.be\/?s={search_term_string}"},"query-input":{"@type":"PropertyValueSpecification","valueRequired":true,"valueName":"search_term_string"}}],"inLanguage":"en-GB"}]}},"_links":{"self":[{"href":"https:\/\/sauvonsbambi.be\/en\/wp-json\/wp\/v2\/pages\/1665","targetHints":{"allow":["GET"]}}],"collection":[{"href":"https:\/\/sauvonsbambi.be\/en\/wp-json\/wp\/v2\/pages"}],"about":[{"href":"https:\/\/sauvonsbambi.be\/en\/wp-json\/wp\/v2\/types\/page"}],"author":[{"embeddable":true,"href":"https:\/\/sauvonsbambi.be\/en\/wp-json\/wp\/v2\/users\/3"}],"replies":[{"embeddable":true,"href":"https:\/\/sauvonsbambi.be\/en\/wp-json\/wp\/v2\/comments?post=1665"}],"version-history":[{"count":0,"href":"https:\/\/sauvonsbambi.be\/en\/wp-json\/wp\/v2\/pages\/1665\/revisions"}],"wp:attachment":[{"href":"https:\/\/sauvonsbambi.be\/en\/wp-json\/wp\/v2\/media?parent=1665"}],"curies":[{"name":"wp","href":"https:\/\/api.w.org\/{rel}","templated":true}]}}