{"id":958,"date":"2025-01-17T11:06:19","date_gmt":"2025-01-17T10:06:19","guid":{"rendered":"https:\/\/sauvonsbambi.poush-dev.be\/?post_type=product&#038;p=958"},"modified":"2025-02-12T14:55:12","modified_gmt":"2025-02-12T13:55:12","slug":"sympathising-member","status":"publish","type":"product","link":"https:\/\/sauvonsbambi.be\/en\/produit\/membre-sympathisant\/","title":{"rendered":"Annual renewal - Supporting member"},"content":{"rendered":"<p>By becoming a member of our association, you are helping to conserve wildlife in Wallonia. And enjoy all our member benefits!<\/p>\n<p><strong>Annual benefits:<\/strong><\/p>\n<ul>\n<li><strong>As a supporting member, you support our approach and help us to improve our response capabilities<\/strong><\/li>\n<li><strong>You will have priority to obtain our intervention before the mowing operations on your territory.<\/strong><\/li>\n<li><strong>Free access to drone piloting lessons<\/strong><\/li>\n<li><strong>Free access to a discovery session on the biodiversity of our plains<\/strong><\/li>\n<li><strong>Access to the annual report and studies carried out by the association\u00a0<\/strong><\/li>\n<\/ul>","protected":false},"excerpt":{"rendered":"<p>En devenant membre de notre association, vous participez \u00e0 la conservation de la faune sauvage en Wallonie. Et b\u00e9n\u00e9ficiez de tous nos avantages membres! Avantages annuels: En tant que membre sympathisant, vous soutenez notre d\u00e9marche et vous nous aidez \u00e0 am\u00e9liorer nos capacit\u00e9s d\u2019intervention Vous serez prioritaire pour obtenir notre intervention avant les op\u00e9rations de [&hellip;]<\/p>\n","protected":false},"featured_media":957,"template":"","meta":{"_et_pb_use_builder":"","_et_pb_old_content":"","_et_gb_content_width":"","inline_featured_image":false},"product_brand":[],"product_cat":[25],"product_tag":[],"class_list":{"0":"post-958","1":"product","2":"type-product","3":"status-publish","4":"has-post-thumbnail","6":"product_cat-cotisation","8":"first","9":"instock","10":"virtual","11":"sold-individually","12":"purchasable","13":"product-type-subscription"},"yoast_head":"<!-- This site is optimized with the Yoast SEO plugin v27.5 - https:\/\/yoast.com\/product\/yoast-seo-wordpress\/ -->\n<title>Renouv\u00e8lement annuel - membre sympathisant | Sauvons Bambi<\/title>\n<meta name=\"robots\" content=\"index, follow, max-snippet:-1, max-image-preview:large, max-video-preview:-1\" \/>\n<link rel=\"canonical\" href=\"https:\/\/sauvonsbambi.be\/en\/product\/sympathising-member\/\" \/>\n<meta property=\"og:locale\" content=\"en_GB\" \/>\n<meta property=\"og:type\" content=\"article\" \/>\n<meta property=\"og:title\" content=\"Renouv\u00e8lement annuel - membre sympathisant | Sauvons Bambi\" \/>\n<meta property=\"og:description\" content=\"En devenant membre de notre association, vous participez \u00e0 la conservation de la faune sauvage en Wallonie. Et b\u00e9n\u00e9ficiez de tous nos avantages membres! Avantages annuels: En tant que membre sympathisant, vous soutenez notre d\u00e9marche et vous nous aidez \u00e0 am\u00e9liorer nos capacit\u00e9s d\u2019intervention Vous serez prioritaire pour obtenir notre intervention avant les op\u00e9rations de [&hellip;]\" \/>\n<meta property=\"og:url\" content=\"https:\/\/sauvonsbambi.be\/en\/product\/sympathising-member\/\" \/>\n<meta property=\"og:site_name\" content=\"Sauvons Bambi\" \/>\n<meta property=\"article:modified_time\" content=\"2025-02-12T13:55:12+00:00\" \/>\n<meta property=\"og:image\" content=\"https:\/\/sauvonsbambi.be\/wp-content\/uploads\/2025\/01\/Membre-Sympathisant.jpg\" \/>\n\t<meta property=\"og:image:width\" content=\"1919\" \/>\n\t<meta property=\"og:image:height\" content=\"1080\" \/>\n\t<meta property=\"og:image:type\" content=\"image\/jpeg\" \/>\n<meta name=\"twitter:card\" content=\"summary_large_image\" \/>\n<meta name=\"twitter:label1\" content=\"Estimated reading time\" \/>\n\t<meta name=\"twitter:data1\" content=\"1 minute\" \/>\n<script type=\"application\/ld+json\" class=\"yoast-schema-graph\">{\"@context\":\"https:\\\/\\\/schema.org\",\"@graph\":[{\"@type\":\"WebPage\",\"@id\":\"https:\\\/\\\/sauvonsbambi.be\\\/produit\\\/membre-sympathisant\\\/\",\"url\":\"https:\\\/\\\/sauvonsbambi.be\\\/produit\\\/membre-sympathisant\\\/\",\"name\":\"Renouv\u00e8lement annuel - membre sympathisant | Sauvons Bambi\",\"isPartOf\":{\"@id\":\"https:\\\/\\\/sauvonsbambi.be\\\/#website\"},\"primaryImageOfPage\":{\"@id\":\"https:\\\/\\\/sauvonsbambi.be\\\/produit\\\/membre-sympathisant\\\/#primaryimage\"},\"image\":{\"@id\":\"https:\\\/\\\/sauvonsbambi.be\\\/produit\\\/membre-sympathisant\\\/#primaryimage\"},\"thumbnailUrl\":\"https:\\\/\\\/sauvonsbambi.be\\\/wp-content\\\/uploads\\\/2025\\\/01\\\/Membre-Sympathisant.jpg\",\"datePublished\":\"2025-01-17T10:06:19+00:00\",\"dateModified\":\"2025-02-12T13:55:12+00:00\",\"breadcrumb\":{\"@id\":\"https:\\\/\\\/sauvonsbambi.be\\\/produit\\\/membre-sympathisant\\\/#breadcrumb\"},\"inLanguage\":\"en-GB\",\"potentialAction\":[{\"@type\":\"ReadAction\",\"target\":[\"https:\\\/\\\/sauvonsbambi.be\\\/produit\\\/membre-sympathisant\\\/\"]}]},{\"@type\":\"ImageObject\",\"inLanguage\":\"en-GB\",\"@id\":\"https:\\\/\\\/sauvonsbambi.be\\\/produit\\\/membre-sympathisant\\\/#primaryimage\",\"url\":\"https:\\\/\\\/sauvonsbambi.be\\\/wp-content\\\/uploads\\\/2025\\\/01\\\/Membre-Sympathisant.jpg\",\"contentUrl\":\"https:\\\/\\\/sauvonsbambi.be\\\/wp-content\\\/uploads\\\/2025\\\/01\\\/Membre-Sympathisant.jpg\",\"width\":1919,\"height\":1080},{\"@type\":\"BreadcrumbList\",\"@id\":\"https:\\\/\\\/sauvonsbambi.be\\\/produit\\\/membre-sympathisant\\\/#breadcrumb\",\"itemListElement\":[{\"@type\":\"ListItem\",\"position\":1,\"name\":\"Accueil\",\"item\":\"https:\\\/\\\/sauvonsbambi.be\\\/\"},{\"@type\":\"ListItem\",\"position\":2,\"name\":\"Boutique\",\"item\":\"https:\\\/\\\/sauvonsbambi.be\\\/boutique\\\/\"},{\"@type\":\"ListItem\",\"position\":3,\"name\":\"Renouv\u00e8lement annuel &#8211; membre sympathisant\"}]},{\"@type\":\"WebSite\",\"@id\":\"https:\\\/\\\/sauvonsbambi.be\\\/#website\",\"url\":\"https:\\\/\\\/sauvonsbambi.be\\\/\",\"name\":\"Sauvons Bambi\",\"description\":\"\",\"potentialAction\":[{\"@type\":\"SearchAction\",\"target\":{\"@type\":\"EntryPoint\",\"urlTemplate\":\"https:\\\/\\\/sauvonsbambi.be\\\/?s={search_term_string}\"},\"query-input\":{\"@type\":\"PropertyValueSpecification\",\"valueRequired\":true,\"valueName\":\"search_term_string\"}}],\"inLanguage\":\"en-GB\"}]}<\/script>\n<!-- \/ Yoast SEO plugin. -->","yoast_head_json":{"title":"Annual renewal - Supporting member | Sauvons Bambi","robots":{"index":"index","follow":"follow","max-snippet":"max-snippet:-1","max-image-preview":"max-image-preview:large","max-video-preview":"max-video-preview:-1"},"canonical":"https:\/\/sauvonsbambi.be\/en\/product\/sympathising-member\/","og_locale":"en_GB","og_type":"article","og_title":"Renouv\u00e8lement annuel - membre sympathisant | Sauvons Bambi","og_description":"En devenant membre de notre association, vous participez \u00e0 la conservation de la faune sauvage en Wallonie. Et b\u00e9n\u00e9ficiez de tous nos avantages membres! Avantages annuels: En tant que membre sympathisant, vous soutenez notre d\u00e9marche et vous nous aidez \u00e0 am\u00e9liorer nos capacit\u00e9s d\u2019intervention Vous serez prioritaire pour obtenir notre intervention avant les op\u00e9rations de [&hellip;]","og_url":"https:\/\/sauvonsbambi.be\/en\/product\/sympathising-member\/","og_site_name":"Sauvons Bambi","article_modified_time":"2025-02-12T13:55:12+00:00","og_image":[{"width":1919,"height":1080,"url":"https:\/\/sauvonsbambi.be\/wp-content\/uploads\/2025\/01\/Membre-Sympathisant.jpg","type":"image\/jpeg"}],"twitter_card":"summary_large_image","twitter_misc":{"Estimated reading time":"1 minute"},"schema":{"@context":"https:\/\/schema.org","@graph":[{"@type":"WebPage","@id":"https:\/\/sauvonsbambi.be\/produit\/membre-sympathisant\/","url":"https:\/\/sauvonsbambi.be\/produit\/membre-sympathisant\/","name":"Annual renewal - Supporting member | Sauvons Bambi","isPartOf":{"@id":"https:\/\/sauvonsbambi.be\/#website"},"primaryImageOfPage":{"@id":"https:\/\/sauvonsbambi.be\/produit\/membre-sympathisant\/#primaryimage"},"image":{"@id":"https:\/\/sauvonsbambi.be\/produit\/membre-sympathisant\/#primaryimage"},"thumbnailUrl":"https:\/\/sauvonsbambi.be\/wp-content\/uploads\/2025\/01\/Membre-Sympathisant.jpg","datePublished":"2025-01-17T10:06:19+00:00","dateModified":"2025-02-12T13:55:12+00:00","breadcrumb":{"@id":"https:\/\/sauvonsbambi.be\/produit\/membre-sympathisant\/#breadcrumb"},"inLanguage":"en-GB","potentialAction":[{"@type":"ReadAction","target":["https:\/\/sauvonsbambi.be\/produit\/membre-sympathisant\/"]}]},{"@type":"ImageObject","inLanguage":"en-GB","@id":"https:\/\/sauvonsbambi.be\/produit\/membre-sympathisant\/#primaryimage","url":"https:\/\/sauvonsbambi.be\/wp-content\/uploads\/2025\/01\/Membre-Sympathisant.jpg","contentUrl":"https:\/\/sauvonsbambi.be\/wp-content\/uploads\/2025\/01\/Membre-Sympathisant.jpg","width":1919,"height":1080},{"@type":"BreadcrumbList","@id":"https:\/\/sauvonsbambi.be\/produit\/membre-sympathisant\/#breadcrumb","itemListElement":[{"@type":"ListItem","position":1,"name":"Accueil","item":"https:\/\/sauvonsbambi.be\/"},{"@type":"ListItem","position":2,"name":"Boutique","item":"https:\/\/sauvonsbambi.be\/boutique\/"},{"@type":"ListItem","position":3,"name":"Renouv\u00e8lement annuel &#8211; membre sympathisant"}]},{"@type":"WebSite","@id":"https:\/\/sauvonsbambi.be\/#website","url":"https:\/\/sauvonsbambi.be\/","name":"Save Bambi","description":"","potentialAction":[{"@type":"SearchAction","target":{"@type":"EntryPoint","urlTemplate":"https:\/\/sauvonsbambi.be\/?s={search_term_string}"},"query-input":{"@type":"PropertyValueSpecification","valueRequired":true,"valueName":"search_term_string"}}],"inLanguage":"en-GB"}]}},"_links":{"self":[{"href":"https:\/\/sauvonsbambi.be\/en\/wp-json\/wp\/v2\/product\/958","targetHints":{"allow":["GET"]}}],"collection":[{"href":"https:\/\/sauvonsbambi.be\/en\/wp-json\/wp\/v2\/product"}],"about":[{"href":"https:\/\/sauvonsbambi.be\/en\/wp-json\/wp\/v2\/types\/product"}],"wp:featuredmedia":[{"embeddable":true,"href":"https:\/\/sauvonsbambi.be\/en\/wp-json\/wp\/v2\/media\/957"}],"wp:attachment":[{"href":"https:\/\/sauvonsbambi.be\/en\/wp-json\/wp\/v2\/media?parent=958"}],"wp:term":[{"taxonomy":"product_brand","embeddable":true,"href":"https:\/\/sauvonsbambi.be\/en\/wp-json\/wp\/v2\/product_brand?post=958"},{"taxonomy":"product_cat","embeddable":true,"href":"https:\/\/sauvonsbambi.be\/en\/wp-json\/wp\/v2\/product_cat?post=958"},{"taxonomy":"product_tag","embeddable":true,"href":"https:\/\/sauvonsbambi.be\/en\/wp-json\/wp\/v2\/product_tag?post=958"}],"curies":[{"name":"wp","href":"https:\/\/api.w.org\/{rel}","templated":true}]}}