{"id":41,"date":"2022-08-19T14:10:33","date_gmt":"2022-08-19T12:10:33","guid":{"rendered":"https:\/\/base.poush-dev.be\/?page_id=41"},"modified":"2025-08-27T13:52:40","modified_gmt":"2025-08-27T11:52:40","slug":"juridische-informatie","status":"publish","type":"page","link":"https:\/\/sauvonsbambi.be\/nl\/mentions-legales\/","title":{"rendered":"Juridische informatie"},"content":{"rendered":"<p>[et_pb_section fb_built=\u00a0\u00bb1&Prime; _builder_version=\u00a0\u00bb4.27.4&Prime; _module_preset=\u00a0\u00bbdefault\u00a0\u00bb global_colors_info=\u00a0\u00bb{}\u00a0\u00bb][et_pb_row _builder_version=\u00a0\u00bb4.27.4&Prime; _module_preset=\u00a0\u00bbdefault\u00a0\u00bb global_colors_info=\u00a0\u00bb{}\u00a0\u00bb][et_pb_column type=\u00a0\u00bb4_4&Prime; _builder_version=\u00a0\u00bb4.27.4&Prime; _module_preset=\u00a0\u00bbdefault\u00a0\u00bb global_colors_info=\u00a0\u00bb{}\u00a0\u00bb][et_pb_text _builder_version=\u00a0\u00bb4.27.4&Prime; _module_preset=\u00a0\u00bbdefault\u00a0\u00bb max_width=\u00a0\u00bb768px\u00a0\u00bb hover_enabled=\u00a0\u00bb0&Prime; global_colors_info=\u00a0\u00bb{}\u00a0\u00bb sticky_enabled=\u00a0\u00bb0&Prime;]<\/p>\n<h1>Mentions l\u00e9gales<\/h1>\n<h2>Qui sommes-nous ?<\/h2>\n<p>&nbsp;<\/p>\n<p>ASBL Sauvons Bambi<\/p>\n<p>Sauvons la vie sauvage dans nos champs<\/p>\n<p>&nbsp;<\/p>\n<p><strong>Mission<\/strong><\/p>\n<p>Sauvons Bambi\u202fest une ASBL qui s\u2019est donn\u00e9e pour\u202fmission de sauver b\u00e9n\u00e9volement, de nombreux animaux sauvages de nos campagnes \u00e0 l\u2019aide de drones munis de cam\u00e9ras thermiques avant la fauche des foins.<\/p>\n<p>&nbsp;<\/p>\n<p><strong>Contact<\/strong><\/p>\n<p>ASBL Sauvons Bambi<\/p>\n<p>Avenue Docteur Terwagne 23, 1310 La Hulpe, Brabant wallon. Belgique<\/p>\n<p>&nbsp;<\/p>\n<p>078\/ 07.75. 34<\/p>\n<p>info@sauvonsbambi.be<\/p>\n<p>BE 0761.517.108<\/p>\n<p>&nbsp;<\/p>\n<p>ASBL Sauvons Bambi s\u2019engage \u00e0 respecter la l\u00e9gislation en vigueur en Belgique et en Europe et met tout en \u0153uvre afin d\u2019emp\u00eacher tout usage non autoris\u00e9 ou illicite de vos donn\u00e9es personnelles. \u00c0 cette fin, nous utilisons des proc\u00e9dures et des syst\u00e8mes appropri\u00e9s pour que seules les personnes qui y sont autoris\u00e9es puissent acc\u00e9der \u00e0 vos informations. En outre, nous vous rappelons que ces personnes sont tenues \u00e0 un devoir de confidentialit\u00e9 dans le cadre de leur fonction.<\/p>\n<p>[\/et_pb_text][\/et_pb_column][\/et_pb_row][\/et_pb_section]<\/p>\n","protected":false},"excerpt":{"rendered":"<p>Mentions l\u00e9gales Qui sommes-nous ? &nbsp; ASBL Sauvons Bambi Sauvons la vie sauvage dans nos champs &nbsp; Mission Sauvons Bambi\u202fest une ASBL qui s\u2019est donn\u00e9e pour\u202fmission de sauver b\u00e9n\u00e9volement, de nombreux animaux sauvages de nos campagnes \u00e0 l\u2019aide de drones munis de cam\u00e9ras thermiques avant la fauche des foins. &nbsp; Contact ASBL Sauvons Bambi Avenue Docteur Terwagne 23, 1310 La Hulpe, Brabant wallon. Belgique &nbsp; 078\/ 07.75. 34 info@sauvonsbambi.be BE 0761.517.108 &nbsp; ASBL Sauvons Bambi s\u2019engage \u00e0 respecter la l\u00e9gislation en vigueur en Belgique et en Europe et met tout en \u0153uvre afin d\u2019emp\u00eacher tout usage non autoris\u00e9 ou illicite de vos donn\u00e9es personnelles. \u00c0 cette fin, nous utilisons des proc\u00e9dures et des syst\u00e8mes appropri\u00e9s pour que seules les personnes qui y sont autoris\u00e9es puissent acc\u00e9der \u00e0 vos informations. En outre, nous vous rappelons que ces personnes sont tenues \u00e0 un devoir de confidentialit\u00e9 dans le cadre de leur fonction.<\/p>","protected":false},"author":1,"featured_media":0,"parent":0,"menu_order":1000,"comment_status":"closed","ping_status":"closed","template":"","meta":{"_et_pb_use_builder":"on","_et_pb_old_content":"","_et_gb_content_width":"","inline_featured_image":false,"footnotes":""},"class_list":["post-41","page","type-page","status-publish","hentry"],"yoast_head":"<!-- This site is optimized with the Yoast SEO plugin v27.3 - https:\/\/yoast.com\/product\/yoast-seo-wordpress\/ -->\n<title>Mentions l\u00e9gales | Sauvons Bambi<\/title>\n<meta name=\"robots\" content=\"index, follow, max-snippet:-1, max-image-preview:large, max-video-preview:-1\" \/>\n<link rel=\"canonical\" href=\"https:\/\/sauvonsbambi.be\/nl\/juridische-informatie\/\" \/>\n<meta property=\"og:locale\" content=\"nl_NL\" \/>\n<meta property=\"og:type\" content=\"article\" \/>\n<meta property=\"og:title\" content=\"Mentions l\u00e9gales | Sauvons Bambi\" \/>\n<meta property=\"og:description\" content=\"Mentions l\u00e9gales Qui sommes-nous ? &nbsp; ASBL Sauvons Bambi Sauvons la vie sauvage dans nos champs &nbsp; Mission Sauvons Bambi\u202fest une ASBL qui s\u2019est donn\u00e9e pour\u202fmission de sauver b\u00e9n\u00e9volement, de nombreux animaux sauvages de nos campagnes \u00e0 l\u2019aide de drones munis de cam\u00e9ras thermiques avant la fauche des foins. &nbsp; Contact ASBL Sauvons Bambi Avenue Docteur Terwagne 23, 1310 La Hulpe, Brabant wallon. Belgique &nbsp; 078\/ 07.75. 34 info@sauvonsbambi.be BE 0761.517.108 &nbsp; ASBL Sauvons Bambi s\u2019engage \u00e0 respecter la l\u00e9gislation en vigueur en Belgique et en Europe et met tout en \u0153uvre afin d\u2019emp\u00eacher tout usage non autoris\u00e9 ou illicite de vos donn\u00e9es personnelles. \u00c0 cette fin, nous utilisons des proc\u00e9dures et des syst\u00e8mes appropri\u00e9s pour que seules les personnes qui y sont autoris\u00e9es puissent acc\u00e9der \u00e0 vos informations. En outre, nous vous rappelons que ces personnes sont tenues \u00e0 un devoir de confidentialit\u00e9 dans le cadre de leur fonction.\" \/>\n<meta property=\"og:url\" content=\"https:\/\/sauvonsbambi.be\/nl\/juridische-informatie\/\" \/>\n<meta property=\"og:site_name\" content=\"Sauvons Bambi\" \/>\n<meta property=\"article:modified_time\" content=\"2025-08-27T11:52:40+00:00\" \/>\n<meta name=\"twitter:card\" content=\"summary_large_image\" \/>\n<meta name=\"twitter:label1\" content=\"Geschatte leestijd\" \/>\n\t<meta name=\"twitter:data1\" content=\"1 minuut\" \/>\n<script type=\"application\/ld+json\" class=\"yoast-schema-graph\">{\"@context\":\"https:\\\/\\\/schema.org\",\"@graph\":[{\"@type\":\"WebPage\",\"@id\":\"https:\\\/\\\/sauvonsbambi.be\\\/mentions-legales\\\/\",\"url\":\"https:\\\/\\\/sauvonsbambi.be\\\/mentions-legales\\\/\",\"name\":\"Mentions l\u00e9gales | Sauvons Bambi\",\"isPartOf\":{\"@id\":\"https:\\\/\\\/sauvonsbambi.be\\\/#website\"},\"datePublished\":\"2022-08-19T12:10:33+00:00\",\"dateModified\":\"2025-08-27T11:52:40+00:00\",\"breadcrumb\":{\"@id\":\"https:\\\/\\\/sauvonsbambi.be\\\/mentions-legales\\\/#breadcrumb\"},\"inLanguage\":\"nl-NL\",\"potentialAction\":[{\"@type\":\"ReadAction\",\"target\":[\"https:\\\/\\\/sauvonsbambi.be\\\/mentions-legales\\\/\"]}]},{\"@type\":\"BreadcrumbList\",\"@id\":\"https:\\\/\\\/sauvonsbambi.be\\\/mentions-legales\\\/#breadcrumb\",\"itemListElement\":[{\"@type\":\"ListItem\",\"position\":1,\"name\":\"Accueil\",\"item\":\"https:\\\/\\\/sauvonsbambi.be\\\/\"},{\"@type\":\"ListItem\",\"position\":2,\"name\":\"Mentions l\u00e9gales\"}]},{\"@type\":\"WebSite\",\"@id\":\"https:\\\/\\\/sauvonsbambi.be\\\/#website\",\"url\":\"https:\\\/\\\/sauvonsbambi.be\\\/\",\"name\":\"Sauvons Bambi\",\"description\":\"\",\"potentialAction\":[{\"@type\":\"SearchAction\",\"target\":{\"@type\":\"EntryPoint\",\"urlTemplate\":\"https:\\\/\\\/sauvonsbambi.be\\\/?s={search_term_string}\"},\"query-input\":{\"@type\":\"PropertyValueSpecification\",\"valueRequired\":true,\"valueName\":\"search_term_string\"}}],\"inLanguage\":\"nl-NL\"}]}<\/script>\n<!-- \/ Yoast SEO plugin. -->","yoast_head_json":{"title":"Wettelijke vermeldingen | Sauvons Bambi","robots":{"index":"index","follow":"follow","max-snippet":"max-snippet:-1","max-image-preview":"max-image-preview:large","max-video-preview":"max-video-preview:-1"},"canonical":"https:\/\/sauvonsbambi.be\/nl\/juridische-informatie\/","og_locale":"nl_NL","og_type":"article","og_title":"Mentions l\u00e9gales | Sauvons Bambi","og_description":"Mentions l\u00e9gales Qui sommes-nous ? &nbsp; ASBL Sauvons Bambi Sauvons la vie sauvage dans nos champs &nbsp; Mission Sauvons Bambi\u202fest une ASBL qui s\u2019est donn\u00e9e pour\u202fmission de sauver b\u00e9n\u00e9volement, de nombreux animaux sauvages de nos campagnes \u00e0 l\u2019aide de drones munis de cam\u00e9ras thermiques avant la fauche des foins. &nbsp; Contact ASBL Sauvons Bambi Avenue Docteur Terwagne 23, 1310 La Hulpe, Brabant wallon. Belgique &nbsp; 078\/ 07.75. 34 info@sauvonsbambi.be BE 0761.517.108 &nbsp; ASBL Sauvons Bambi s\u2019engage \u00e0 respecter la l\u00e9gislation en vigueur en Belgique et en Europe et met tout en \u0153uvre afin d\u2019emp\u00eacher tout usage non autoris\u00e9 ou illicite de vos donn\u00e9es personnelles. \u00c0 cette fin, nous utilisons des proc\u00e9dures et des syst\u00e8mes appropri\u00e9s pour que seules les personnes qui y sont autoris\u00e9es puissent acc\u00e9der \u00e0 vos informations. En outre, nous vous rappelons que ces personnes sont tenues \u00e0 un devoir de confidentialit\u00e9 dans le cadre de leur fonction.","og_url":"https:\/\/sauvonsbambi.be\/nl\/juridische-informatie\/","og_site_name":"Sauvons Bambi","article_modified_time":"2025-08-27T11:52:40+00:00","twitter_card":"summary_large_image","twitter_misc":{"Geschatte leestijd":"1 minuut"},"schema":{"@context":"https:\/\/schema.org","@graph":[{"@type":"WebPage","@id":"https:\/\/sauvonsbambi.be\/mentions-legales\/","url":"https:\/\/sauvonsbambi.be\/mentions-legales\/","name":"Wettelijke vermeldingen | Sauvons Bambi","isPartOf":{"@id":"https:\/\/sauvonsbambi.be\/#website"},"datePublished":"2022-08-19T12:10:33+00:00","dateModified":"2025-08-27T11:52:40+00:00","breadcrumb":{"@id":"https:\/\/sauvonsbambi.be\/mentions-legales\/#breadcrumb"},"inLanguage":"nl-NL","potentialAction":[{"@type":"ReadAction","target":["https:\/\/sauvonsbambi.be\/mentions-legales\/"]}]},{"@type":"BreadcrumbList","@id":"https:\/\/sauvonsbambi.be\/mentions-legales\/#breadcrumb","itemListElement":[{"@type":"ListItem","position":1,"name":"Accueil","item":"https:\/\/sauvonsbambi.be\/"},{"@type":"ListItem","position":2,"name":"Mentions l\u00e9gales"}]},{"@type":"WebSite","@id":"https:\/\/sauvonsbambi.be\/#website","url":"https:\/\/sauvonsbambi.be\/","name":"Red Bambi","description":"","potentialAction":[{"@type":"SearchAction","target":{"@type":"EntryPoint","urlTemplate":"https:\/\/sauvonsbambi.be\/?s={search_term_string}"},"query-input":{"@type":"PropertyValueSpecification","valueRequired":true,"valueName":"search_term_string"}}],"inLanguage":"nl-NL"}]}},"_links":{"self":[{"href":"https:\/\/sauvonsbambi.be\/nl\/wp-json\/wp\/v2\/pages\/41","targetHints":{"allow":["GET"]}}],"collection":[{"href":"https:\/\/sauvonsbambi.be\/nl\/wp-json\/wp\/v2\/pages"}],"about":[{"href":"https:\/\/sauvonsbambi.be\/nl\/wp-json\/wp\/v2\/types\/page"}],"author":[{"embeddable":true,"href":"https:\/\/sauvonsbambi.be\/nl\/wp-json\/wp\/v2\/users\/1"}],"replies":[{"embeddable":true,"href":"https:\/\/sauvonsbambi.be\/nl\/wp-json\/wp\/v2\/comments?post=41"}],"version-history":[{"count":0,"href":"https:\/\/sauvonsbambi.be\/nl\/wp-json\/wp\/v2\/pages\/41\/revisions"}],"wp:attachment":[{"href":"https:\/\/sauvonsbambi.be\/nl\/wp-json\/wp\/v2\/media?parent=41"}],"curies":[{"name":"wp","href":"https:\/\/api.w.org\/{rel}","templated":true}]}}